{"id":89,"date":"2025-11-27T20:45:59","date_gmt":"2025-11-27T20:45:59","guid":{"rendered":"https:\/\/finansowysprint.pl\/?page_id=89"},"modified":"2026-01-12T16:45:34","modified_gmt":"2026-01-12T15:45:34","slug":"zakres-uslug-kontroler-finansowy-na-godziny","status":"publish","type":"page","link":"https:\/\/finansowysprint.pl\/index.php\/zakres-uslug-kontroler-finansowy-na-godziny\/","title":{"rendered":"Zakres us\u0142ug &#8222;kontroler finansowy na godziny&#8221;"},"content":{"rendered":"\n<h2 class=\"wp-block-heading has-large-font-size\">W czym jako kontroler finansowy mog\u0119 Ci pom\u00f3c?<\/h2>\n\n\n\n<div style=\"height:40px\" aria-hidden=\"true\" class=\"wp-block-spacer\"><\/div>\n\n\n\n<p class=\"has-medium-font-size\">Moim celem jest odci\u0105\u017cenie Ci\u0119 w obszarach analityczno-finansowych, tak aby\u015b m\u00f3g\u0142 skupi\u0107 si\u0119 na tym, co najwa\u017cniejsze \u2014 rozwijaniu dzia\u0142alno\u015bci.<\/p>\n\n\n\n<p class=\"has-medium-font-size\">Poni\u017cej przedstawiam obszary wsparcia controllingowego, kt\u00f3ry mog\u0119 zapewni\u0107 w Twojej organizacji:<\/p>\n\n\n\n<ul class=\"wp-block-list\">\n<li class=\"has-medium-font-size\"><strong>Projektowanie i wdra\u017canie systemu controllingu, w tym<\/strong>:\n<ul class=\"wp-block-list\">\n<li class=\"has-small-font-size\" style=\"margin-top:var(--wp--preset--spacing--20);margin-bottom:var(--wp--preset--spacing--20)\">pomoc w okre\u015bleniu kluczowych czynnik\u00f3w biznesowych (linii biznesowych),<\/li>\n\n\n\n<li class=\"has-small-font-size\" style=\"margin-top:var(--wp--preset--spacing--20);margin-bottom:var(--wp--preset--spacing--20)\">ustalanie mar\u017cy , analiza koszt\u00f3w zmiennych i koszt\u00f3w sta\u0142ych<\/li>\n\n\n\n<li class=\"has-small-font-size\" style=\"margin-top:var(--wp--preset--spacing--20);margin-bottom:var(--wp--preset--spacing--20)\">pomoc w ustalaniu<strong> planu kont, MPK<\/strong><\/li>\n\n\n\n<li class=\"has-small-font-size\" style=\"margin-top:var(--wp--preset--spacing--20);margin-bottom:var(--wp--preset--spacing--20)\">stworzenie raport\u00f3w zarz\u0105dczych umo\u017clwiaj\u0105cych comiesi\u0119czn\u0105 analiz\u0119<\/li>\n<\/ul>\n<\/li>\n\n\n\n<li style=\"margin-top:var(--wp--preset--spacing--20);margin-bottom:var(--wp--preset--spacing--20)\"><strong>Miesi\u0119czn\u0105 analiz\u0119 <\/strong>wynik\u00f3w finansowych w odniesieniu do poprzednich okres\u00f3w i zatwierdzonego bud\u017cetu<\/li>\n\n\n\n<li style=\"margin-top:var(--wp--preset--spacing--20);margin-bottom:var(--wp--preset--spacing--20)\"><strong>Regularn\u0105 analiz\u0119 wska\u017anik\u00f3w <\/strong>finansowych i operacyjnych<\/li>\n\n\n\n<li style=\"margin-top:var(--wp--preset--spacing--20);margin-bottom:var(--wp--preset--spacing--20)\">Analiz\u0119 przep\u0142yw\u00f3w pieni\u0119\u017cnych oraz przygotowywanie prognoz <strong>cash flow<\/strong><\/li>\n\n\n\n<li class=\"has-medium-font-size\" style=\"margin-top:var(--wp--preset--spacing--20);margin-bottom:var(--wp--preset--spacing--20)\">Wsparcie w procesie planowania i <strong>tworzenia bud\u017cetu<\/strong><\/li>\n\n\n\n<li style=\"margin-top:var(--wp--preset--spacing--20);margin-bottom:var(--wp--preset--spacing--20)\">Pomoc w opracowywaniu <strong>modeli finansowych i biznesplan\u00f3w<\/strong>, b\u0119d\u0105cych podstaw\u0105 do podejmowania decyzji strategicznych<\/li>\n\n\n\n<li style=\"margin-top:var(--wp--preset--spacing--20);margin-bottom:var(--wp--preset--spacing--20)\">Pomoc w przygotowywaniu <strong>modeli finansowych dla bank\u00f3w<\/strong> \/innych instytucji finansowych na potrzeby finansowania<\/li>\n\n\n\n<li style=\"margin-top:var(--wp--preset--spacing--20);margin-bottom:var(--wp--preset--spacing--20)\">Przegl\u0105d i analiza warunk\u00f3w kredytowych pod k\u0105tem konsekwencji finansowych dla przedsi\u0119biorstwa (z wykluczeniem analizy prawnej)<\/li>\n\n\n\n<li style=\"margin-top:var(--wp--preset--spacing--20);margin-bottom:var(--wp--preset--spacing--20)\">Pomoc w sporz\u0105dzaniu rocznego<strong> sprawozdania finansowego<\/strong><\/li>\n\n\n\n<li style=\"margin-top:var(--wp--preset--spacing--20);margin-bottom:var(--wp--preset--spacing--20)\">Wsparcie w <strong>obs\u0142udze audytu<\/strong><\/li>\n\n\n\n<li style=\"margin-top:var(--wp--preset--spacing--20);margin-bottom:var(--wp--preset--spacing--20)\">Agregacja , weryfikacja i <strong>oczyszczanie zbioru danych<\/strong><\/li>\n\n\n\n<li style=\"margin-top:var(--wp--preset--spacing--20);margin-bottom:var(--wp--preset--spacing--20)\">Kontakt z ubezpieczycielami i pomoc w doborze najlepszych ubezpiecze\u0144 maj\u0105tkowych<\/li>\n\n\n\n<li>Zrozumienie<strong> KPI <\/strong>w twoim biznesie i pomoc w ich analizie<\/li>\n\n\n\n<li style=\"margin-top:var(--wp--preset--spacing--20);margin-bottom:var(--wp--preset--spacing--20)\">Przygotowywanie dodatkowych analiz i zestawie\u0144<strong> \u201ead hoc\u201d, <\/strong>zgodnie z indywidualnymi potrzebami<\/li>\n<\/ul>\n\n\n\n<div style=\"height:40px\" aria-hidden=\"true\" class=\"wp-block-spacer\"><\/div>\n\n\n\n<p class=\"has-medium-font-size\"><strong>Napisz do mnie, <\/strong>a razem ustalimy co mo\u017cemy zrobi\u0107, aby odci\u0105\u017cy\u0107 Ciebie i Twoj\u0105 firm\u0119.<\/p>\n\n\n\n<p class=\"has-medium-font-size\"><strong>Pami\u0119taj tylko, controlling to nie ksi\u0119gowo\u015b\u0107!<\/strong><\/p>\n\n\n\n<p class=\"has-medium-font-size\">Ksi\u0119gowo\u015b\u0107 pilnuje formalno\u015bci, poprawno\u015bci dokument\u00f3w i zgodno\u015bci z przepisami. <strong>Controlling patrzy szerzej:<\/strong> sprawdza, dlaczego wyniki wygl\u0105daj\u0105 tak, jak wygl\u0105daj\u0105 i <strong>wspiera zarz\u0105d w decyzjach strategicznych<\/strong>.<\/p>\n\n\n\n<p class=\"has-medium-font-size\"><strong>Controlling<\/strong> to ca\u0142y wy\u015bcig: <strong>strategia, tempo, analiza <\/strong>podjazd\u00f3w, odpowiednie ustawienie dru\u017cyny i decyzje, kt\u00f3re pozwalaj\u0105 wygra\u0107, zanim w og\u00f3le przekroczysz lini\u0119 ko\u0144cow\u0105.<\/p>\n\n\n\n<div style=\"height:40px\" aria-hidden=\"true\" class=\"wp-block-spacer\"><\/div>\n\n\n\n<h2 class=\"wp-block-heading has-large-font-size\">Czy jeszcze si\u0119 wahasz?<\/h2>\n\n\n\n<div style=\"height:40px\" aria-hidden=\"true\" class=\"wp-block-spacer\"><\/div>\n\n\n\n<p class=\"has-medium-font-size\">W finansach \u2014 tak jak w sporcie \u2014 zwyci\u0119\u017ca ten, kto \u0142\u0105czy przygotowanie, strategi\u0119 i \u015bwiadomo\u015b\u0107 sytuacji. Wsp\u00f3\u0142praca ze mn\u0105 to nie tylko zestaw raport\u00f3w czy modeli finansowych \u2014 to:<\/p>\n\n\n\n<ul class=\"wp-block-list\">\n<li class=\"has-medium-font-size\">praktyczne wsparcie przy wdra\u017caniu controllingu<\/li>\n\n\n\n<li class=\"has-medium-font-size\">bie\u017c\u0105ca analiza i prognozy<\/li>\n\n\n\n<li class=\"has-medium-font-size\">wsparcie ad hoc, projektowe i kadrowe<\/li>\n\n\n\n<li class=\"has-medium-font-size\">doradztwo strategiczne, pomagaj\u0105ce optymalizowa\u0107 procesy i budowa\u0107 solidn\u0105 podstaw\u0119 dla decyzji finansowych<\/li>\n<\/ul>\n\n\n\n<p class=\"has-medium-font-size\">Nie wa\u017cne, czy dopiero zaczynasz przygod\u0119 z controllingiem, czy potrzebujesz wsparcia \u201ena konkretny moment\u201d \u2014 dzia\u0142am elastycznie, praktycznie i zawsze z my\u015bl\u0105 o tym, aby <strong>liczby<\/strong> w Twojej firmie pracowa\u0142y <strong>na Tw\u00f3j sukces.<\/strong><\/p>\n\n\n\n<p class=\"has-medium-font-size\">Je\u015bli chcesz, by Twoja firma funkcjonowa\u0142a jak \u015bwietnie przygotowana dru\u017cyna kolarska \u2014 z jasnymi rolami, odpowiedni\u0105 strategi\u0105 i mocnymi danymi w tle \u2014 z przyjemno\u015bci\u0105 pomog\u0119 Ci to osi\u0105gn\u0105\u0107.<\/p>\n\n\n\n<p class=\"has-medium-font-size\"><strong>Zapraszam do wsp\u00f3\u0142pracy. Razem mo\u017cemy nie tylko utrzyma\u0107 tempo\u2026 ale zacz\u0105\u0107 wygrywa\u0107.<\/strong><\/p>\n\n\n\n<p><\/p>\n","protected":false},"excerpt":{"rendered":"<p>W czym jako kontroler finansowy mog\u0119 Ci pom\u00f3c? Moim celem jest odci\u0105\u017cenie Ci\u0119 w obszarach analityczno-finansowych, tak aby\u015b m\u00f3g\u0142 skupi\u0107 si\u0119 na tym, co najwa\u017cniejsze \u2014 rozwijaniu dzia\u0142alno\u015bci. Poni\u017cej przedstawiam obszary wsparcia controllingowego, kt\u00f3ry mog\u0119 zapewni\u0107 w Twojej organizacji: Napisz do mnie, a razem ustalimy co mo\u017cemy zrobi\u0107, aby odci\u0105\u017cy\u0107 [&hellip;]<\/p>\n","protected":false},"author":1,"featured_media":313,"parent":0,"menu_order":0,"comment_status":"closed","ping_status":"closed","template":"","meta":{"footnotes":""},"class_list":["post-89","page","type-page","status-publish","has-post-thumbnail","hentry"],"yoast_head":"<!-- This site is optimized with the Yoast SEO plugin v26.7 - https:\/\/yoast.com\/wordpress\/plugins\/seo\/ -->\n<title>Zakres us\u0142ug &quot;kontroler finansowy na godziny&quot; -<\/title>\n<meta name=\"description\" content=\"Kontroler finansowy na godziny nie tylko dla M\u015aP. Controlling, optymalizacja finans\u00f3w, wsparcie zarz\u0105dcze, analizy finansowe, projekty.\" \/>\n<meta name=\"robots\" content=\"index, follow, max-snippet:-1, max-image-preview:large, max-video-preview:-1\" \/>\n<link rel=\"canonical\" href=\"https:\/\/finansowysprint.pl\/index.php\/zakres-uslug-kontroler-finansowy-na-godziny\/\" \/>\n<meta property=\"og:locale\" content=\"pl_PL\" \/>\n<meta property=\"og:type\" content=\"article\" \/>\n<meta property=\"og:title\" content=\"Zakres us\u0142ug &quot;kontroler finansowy na godziny&quot; -\" \/>\n<meta property=\"og:description\" content=\"Kontroler finansowy na godziny nie tylko dla M\u015aP. Controlling, optymalizacja finans\u00f3w, wsparcie zarz\u0105dcze, analizy finansowe, projekty.\" \/>\n<meta property=\"og:url\" content=\"https:\/\/finansowysprint.pl\/index.php\/zakres-uslug-kontroler-finansowy-na-godziny\/\" \/>\n<meta property=\"article:modified_time\" content=\"2026-01-12T15:45:34+00:00\" \/>\n<meta property=\"og:image\" content=\"https:\/\/finansowysprint.pl\/wp-content\/uploads\/2026\/01\/ewantulani-etlo-stojace-calosc-mini-biurowce.jpg\" \/>\n\t<meta property=\"og:image:width\" content=\"1667\" \/>\n\t<meta property=\"og:image:height\" content=\"648\" \/>\n\t<meta property=\"og:image:type\" content=\"image\/jpeg\" \/>\n<meta name=\"twitter:card\" content=\"summary_large_image\" \/>\n<meta name=\"twitter:label1\" content=\"Szacowany czas czytania\" \/>\n\t<meta name=\"twitter:data1\" content=\"3 minuty\" \/>\n<script type=\"application\/ld+json\" class=\"yoast-schema-graph\">{\"@context\":\"https:\/\/schema.org\",\"@graph\":[{\"@type\":\"WebPage\",\"@id\":\"https:\/\/finansowysprint.pl\/index.php\/zakres-uslug-kontroler-finansowy-na-godziny\/\",\"url\":\"https:\/\/finansowysprint.pl\/index.php\/zakres-uslug-kontroler-finansowy-na-godziny\/\",\"name\":\"Zakres us\u0142ug \\\"kontroler finansowy na godziny\\\" -\",\"isPartOf\":{\"@id\":\"https:\/\/finansowysprint.pl\/#website\"},\"primaryImageOfPage\":{\"@id\":\"https:\/\/finansowysprint.pl\/index.php\/zakres-uslug-kontroler-finansowy-na-godziny\/#primaryimage\"},\"image\":{\"@id\":\"https:\/\/finansowysprint.pl\/index.php\/zakres-uslug-kontroler-finansowy-na-godziny\/#primaryimage\"},\"thumbnailUrl\":\"https:\/\/finansowysprint.pl\/wp-content\/uploads\/2026\/01\/ewantulani-etlo-stojace-calosc-mini-biurowce.jpg\",\"datePublished\":\"2025-11-27T20:45:59+00:00\",\"dateModified\":\"2026-01-12T15:45:34+00:00\",\"description\":\"Kontroler finansowy na godziny nie tylko dla M\u015aP. Controlling, optymalizacja finans\u00f3w, wsparcie zarz\u0105dcze, analizy finansowe, projekty.\",\"breadcrumb\":{\"@id\":\"https:\/\/finansowysprint.pl\/index.php\/zakres-uslug-kontroler-finansowy-na-godziny\/#breadcrumb\"},\"inLanguage\":\"pl-PL\",\"potentialAction\":[{\"@type\":\"ReadAction\",\"target\":[\"https:\/\/finansowysprint.pl\/index.php\/zakres-uslug-kontroler-finansowy-na-godziny\/\"]}]},{\"@type\":\"ImageObject\",\"inLanguage\":\"pl-PL\",\"@id\":\"https:\/\/finansowysprint.pl\/index.php\/zakres-uslug-kontroler-finansowy-na-godziny\/#primaryimage\",\"url\":\"https:\/\/finansowysprint.pl\/wp-content\/uploads\/2026\/01\/ewantulani-etlo-stojace-calosc-mini-biurowce.jpg\",\"contentUrl\":\"https:\/\/finansowysprint.pl\/wp-content\/uploads\/2026\/01\/ewantulani-etlo-stojace-calosc-mini-biurowce.jpg\",\"width\":1667,\"height\":648},{\"@type\":\"BreadcrumbList\",\"@id\":\"https:\/\/finansowysprint.pl\/index.php\/zakres-uslug-kontroler-finansowy-na-godziny\/#breadcrumb\",\"itemListElement\":[{\"@type\":\"ListItem\",\"position\":1,\"name\":\"Strona g\u0142\u00f3wna\",\"item\":\"https:\/\/finansowysprint.pl\/\"},{\"@type\":\"ListItem\",\"position\":2,\"name\":\"Zakres us\u0142ug &#8222;kontroler finansowy na godziny&#8221;\"}]},{\"@type\":\"WebSite\",\"@id\":\"https:\/\/finansowysprint.pl\/#website\",\"url\":\"https:\/\/finansowysprint.pl\/\",\"name\":\"Kontroler Finansowy na godziny\",\"description\":\"\",\"potentialAction\":[{\"@type\":\"SearchAction\",\"target\":{\"@type\":\"EntryPoint\",\"urlTemplate\":\"https:\/\/finansowysprint.pl\/?s={search_term_string}\"},\"query-input\":{\"@type\":\"PropertyValueSpecification\",\"valueRequired\":true,\"valueName\":\"search_term_string\"}}],\"inLanguage\":\"pl-PL\"}]}<\/script>\n<!-- \/ Yoast SEO plugin. -->","yoast_head_json":{"title":"Zakres us\u0142ug \"kontroler finansowy na godziny\" -","description":"Kontroler finansowy na godziny nie tylko dla M\u015aP. Controlling, optymalizacja finans\u00f3w, wsparcie zarz\u0105dcze, analizy finansowe, projekty.","robots":{"index":"index","follow":"follow","max-snippet":"max-snippet:-1","max-image-preview":"max-image-preview:large","max-video-preview":"max-video-preview:-1"},"canonical":"https:\/\/finansowysprint.pl\/index.php\/zakres-uslug-kontroler-finansowy-na-godziny\/","og_locale":"pl_PL","og_type":"article","og_title":"Zakres us\u0142ug \"kontroler finansowy na godziny\" -","og_description":"Kontroler finansowy na godziny nie tylko dla M\u015aP. Controlling, optymalizacja finans\u00f3w, wsparcie zarz\u0105dcze, analizy finansowe, projekty.","og_url":"https:\/\/finansowysprint.pl\/index.php\/zakres-uslug-kontroler-finansowy-na-godziny\/","article_modified_time":"2026-01-12T15:45:34+00:00","og_image":[{"width":1667,"height":648,"url":"https:\/\/finansowysprint.pl\/wp-content\/uploads\/2026\/01\/ewantulani-etlo-stojace-calosc-mini-biurowce.jpg","type":"image\/jpeg"}],"twitter_card":"summary_large_image","twitter_misc":{"Szacowany czas czytania":"3 minuty"},"schema":{"@context":"https:\/\/schema.org","@graph":[{"@type":"WebPage","@id":"https:\/\/finansowysprint.pl\/index.php\/zakres-uslug-kontroler-finansowy-na-godziny\/","url":"https:\/\/finansowysprint.pl\/index.php\/zakres-uslug-kontroler-finansowy-na-godziny\/","name":"Zakres us\u0142ug \"kontroler finansowy na godziny\" -","isPartOf":{"@id":"https:\/\/finansowysprint.pl\/#website"},"primaryImageOfPage":{"@id":"https:\/\/finansowysprint.pl\/index.php\/zakres-uslug-kontroler-finansowy-na-godziny\/#primaryimage"},"image":{"@id":"https:\/\/finansowysprint.pl\/index.php\/zakres-uslug-kontroler-finansowy-na-godziny\/#primaryimage"},"thumbnailUrl":"https:\/\/finansowysprint.pl\/wp-content\/uploads\/2026\/01\/ewantulani-etlo-stojace-calosc-mini-biurowce.jpg","datePublished":"2025-11-27T20:45:59+00:00","dateModified":"2026-01-12T15:45:34+00:00","description":"Kontroler finansowy na godziny nie tylko dla M\u015aP. Controlling, optymalizacja finans\u00f3w, wsparcie zarz\u0105dcze, analizy finansowe, projekty.","breadcrumb":{"@id":"https:\/\/finansowysprint.pl\/index.php\/zakres-uslug-kontroler-finansowy-na-godziny\/#breadcrumb"},"inLanguage":"pl-PL","potentialAction":[{"@type":"ReadAction","target":["https:\/\/finansowysprint.pl\/index.php\/zakres-uslug-kontroler-finansowy-na-godziny\/"]}]},{"@type":"ImageObject","inLanguage":"pl-PL","@id":"https:\/\/finansowysprint.pl\/index.php\/zakres-uslug-kontroler-finansowy-na-godziny\/#primaryimage","url":"https:\/\/finansowysprint.pl\/wp-content\/uploads\/2026\/01\/ewantulani-etlo-stojace-calosc-mini-biurowce.jpg","contentUrl":"https:\/\/finansowysprint.pl\/wp-content\/uploads\/2026\/01\/ewantulani-etlo-stojace-calosc-mini-biurowce.jpg","width":1667,"height":648},{"@type":"BreadcrumbList","@id":"https:\/\/finansowysprint.pl\/index.php\/zakres-uslug-kontroler-finansowy-na-godziny\/#breadcrumb","itemListElement":[{"@type":"ListItem","position":1,"name":"Strona g\u0142\u00f3wna","item":"https:\/\/finansowysprint.pl\/"},{"@type":"ListItem","position":2,"name":"Zakres us\u0142ug &#8222;kontroler finansowy na godziny&#8221;"}]},{"@type":"WebSite","@id":"https:\/\/finansowysprint.pl\/#website","url":"https:\/\/finansowysprint.pl\/","name":"Kontroler Finansowy na godziny","description":"","potentialAction":[{"@type":"SearchAction","target":{"@type":"EntryPoint","urlTemplate":"https:\/\/finansowysprint.pl\/?s={search_term_string}"},"query-input":{"@type":"PropertyValueSpecification","valueRequired":true,"valueName":"search_term_string"}}],"inLanguage":"pl-PL"}]}},"_links":{"self":[{"href":"https:\/\/finansowysprint.pl\/index.php\/wp-json\/wp\/v2\/pages\/89","targetHints":{"allow":["GET"]}}],"collection":[{"href":"https:\/\/finansowysprint.pl\/index.php\/wp-json\/wp\/v2\/pages"}],"about":[{"href":"https:\/\/finansowysprint.pl\/index.php\/wp-json\/wp\/v2\/types\/page"}],"author":[{"embeddable":true,"href":"https:\/\/finansowysprint.pl\/index.php\/wp-json\/wp\/v2\/users\/1"}],"replies":[{"embeddable":true,"href":"https:\/\/finansowysprint.pl\/index.php\/wp-json\/wp\/v2\/comments?post=89"}],"version-history":[{"count":7,"href":"https:\/\/finansowysprint.pl\/index.php\/wp-json\/wp\/v2\/pages\/89\/revisions"}],"predecessor-version":[{"id":327,"href":"https:\/\/finansowysprint.pl\/index.php\/wp-json\/wp\/v2\/pages\/89\/revisions\/327"}],"wp:featuredmedia":[{"embeddable":true,"href":"https:\/\/finansowysprint.pl\/index.php\/wp-json\/wp\/v2\/media\/313"}],"wp:attachment":[{"href":"https:\/\/finansowysprint.pl\/index.php\/wp-json\/wp\/v2\/media?parent=89"}],"curies":[{"name":"wp","href":"https:\/\/api.w.org\/{rel}","templated":true}]}}