{"id":86,"date":"2025-11-27T20:44:47","date_gmt":"2025-11-27T20:44:47","guid":{"rendered":"https:\/\/finansowysprint.pl\/?page_id=86"},"modified":"2026-01-12T13:57:02","modified_gmt":"2026-01-12T12:57:02","slug":"o-mnie","status":"publish","type":"page","link":"https:\/\/finansowysprint.pl\/index.php\/o-mnie\/","title":{"rendered":"O mnie"},"content":{"rendered":"\n<p class=\"przezroczysty-blok has-large-font-size\"><strong>O mnie<\/strong><\/p>\n\n\n\n<p class=\"przezroczysty-blok\"><strong>Jestem Magda<\/strong> &#8211; z mi\u0142o\u015bci sport, z rozs\u0105dku finanse i nieruchomo\u015bci .<\/p>\n\n\n\n<p class=\"przezroczysty-blok\">Od ponad 10 lat pracuj\u0119 w finansach, zaczynaj\u0105c w Big 4 w audycie finansowym, a nast\u0119pnie rozwijaj\u0105c swoje do\u015bwiadczenie w r\u00f3\u017cnorodnych rolach w dzia\u0142ach finansowych, w sp\u00f3\u0142kach o r\u00f3\u017cnych profilach dzia\u0142alno\u015bci. Najwi\u0119ksz\u0105 praktyk\u0119 zdoby\u0142am w firmach nieruchomo\u015bciowych \u2014 pracuj\u0105c zar\u00f3wno u w\u0142a\u015bcicieli nieruchomo\u015bci, zarz\u0105dc\u00f3w, jak i deweloper\u00f3w \u2014 ale moje do\u015bwiadczenie obejmuje r\u00f3wnie\u017c sektor us\u0142ug, w tym gabinety stomatologiczne i tzw. bran\u017c\u0119 beauty.<\/p>\n\n\n\n<div class=\"wp-block-columns is-layout-flex wp-container-core-columns-is-layout-28f84493 wp-block-columns-is-layout-flex\">\n<div class=\"wp-block-column is-layout-flow wp-block-column-is-layout-flow\" style=\"flex-basis:90%\">\n<p class=\"przezroczysty-blok\"><strong>Chcesz przejrze\u0107 moje CV- zapraszam na linkedin.<\/strong><\/p>\n<\/div>\n\n\n\n<div class=\"wp-block-column is-layout-flow wp-block-column-is-layout-flow\" style=\"flex-basis:66.66%\">\n<div class=\"wp-block-buttons is-layout-flex wp-block-buttons-is-layout-flex\">\n<div class=\"wp-block-button has-custom-width wp-block-button__width-50 przezroczysty-blok\"><a class=\"wp-block-button__link has-small-font-size has-custom-font-size wp-element-button\" href=\"http:\/\/www.linkedin.com\/in\/magdalena-zawisza-69a62b12a\" target=\"_blank\" rel=\"noreferrer noopener\">Linkedin<\/a><\/div>\n<\/div>\n<\/div>\n<\/div>\n\n\n\n<p class=\"przezroczysty-blok\">Specjalizuj\u0119 si\u0119 w finansach, controllingu i raportowaniu \u2014 liczby, analiza i logiczne my\u015blenie to m\u00f3j naturalny rytm. Moj\u0105 pasj\u0105 jest jednak kolarstwo, kt\u00f3remu po\u015bwi\u0119cam tyle samo energii i zaanga\u017cowania, co pracy z Excelem.<\/p>\n\n\n\n<p class=\"przezroczysty-blok\">Oferuj\u0119 elastyczne wsparcie z zakresu finans\u00f3w \u201ena godziny\u201d lub przy konkretnych projektach \u2014 idealne zar\u00f3wno dla firm, kt\u00f3re chc\u0105 wprowadzi\u0107 controlling od podstaw, jak i dla tych, kt\u00f3re potrzebuj\u0105 wsparcia przy jednorazowych analizach, projektach lub w okresach wzmo\u017conej pracy. Dzi\u0119ki temu Twoja firma zawsze b\u0119dzie mog\u0142a utrzyma\u0107 tempo, zyska\u0107 przewag\u0119 i unikn\u0105\u0107 niespodzianek na mecie.<\/p>\n\n\n\n<p class=\"przezroczysty-blok\"><strong>Pracuj\u0119 zdalnie, co jest kluczowe dla elastyczno\u015bci realizowanych zada\u0144<\/strong>. Dla mnie ka\u017cdy projekt to wyzwanie, kt\u00f3re realizuj\u0119 z pe\u0142nym zaanga\u017cowaniem \u2014 tak, aby liczby pracowa\u0142y na sukces firmy, a procesy finansowe by\u0142y uporz\u0105dkowane i przejrzyste.<\/p>\n\n\n\n<p class=\"przezroczysty-blok\"><strong>Finanse i controlling to moja codzienna trasa, a kolarstwo pasja, kt\u00f3ra uczy strategii , wytrwa\u0142o\u015bci i dyscypliny.<\/strong><\/p>\n\n\n\n<div style=\"height:100px\" aria-hidden=\"true\" class=\"wp-block-spacer\"><\/div>\n\n\n\n<div class=\"wp-block-columns is-layout-flex wp-container-core-columns-is-layout-28f84493 wp-block-columns-is-layout-flex\">\n<div class=\"wp-block-column is-layout-flow wp-block-column-is-layout-flow\">\n<figure class=\"wp-block-image size-full is-resized\"><img loading=\"lazy\" decoding=\"async\" width=\"1000\" height=\"1333\" src=\"http:\/\/finansowysprint.pl\/wp-content\/uploads\/2026\/01\/1.-MAgdaw-Malaga-morze-3-scaled-e1768044872440.jpg\" alt=\"\" class=\"wp-image-303\" style=\"object-fit:cover;width:1000px;height:600px\"\/><\/figure>\n<\/div>\n\n\n\n<div class=\"wp-block-column is-layout-flow wp-block-column-is-layout-flow\">\n<figure class=\"wp-block-image size-large is-resized\"><img loading=\"lazy\" decoding=\"async\" width=\"683\" height=\"1024\" src=\"http:\/\/finansowysprint.pl\/wp-content\/uploads\/2026\/01\/stojace-OK-4-683x1024.jpg\" alt=\"\" class=\"wp-image-305\" style=\"object-fit:cover;width:1000px;height:600px\"\/><\/figure>\n<\/div>\n<\/div>\n\n\n\n<p><\/p>\n","protected":false},"excerpt":{"rendered":"<p>O mnie Jestem Magda &#8211; z mi\u0142o\u015bci sport, z rozs\u0105dku finanse i nieruchomo\u015bci . Od ponad 10 lat pracuj\u0119 w finansach, zaczynaj\u0105c w Big 4 w audycie finansowym, a nast\u0119pnie rozwijaj\u0105c swoje do\u015bwiadczenie w r\u00f3\u017cnorodnych rolach w dzia\u0142ach finansowych, w sp\u00f3\u0142kach o r\u00f3\u017cnych profilach dzia\u0142alno\u015bci. Najwi\u0119ksz\u0105 praktyk\u0119 zdoby\u0142am w firmach [&hellip;]<\/p>\n","protected":false},"author":1,"featured_media":312,"parent":0,"menu_order":0,"comment_status":"closed","ping_status":"closed","template":"","meta":{"footnotes":""},"class_list":["post-86","page","type-page","status-publish","has-post-thumbnail","hentry"],"yoast_head":"<!-- This site is optimized with the Yoast SEO plugin v26.7 - https:\/\/yoast.com\/wordpress\/plugins\/seo\/ -->\n<title>O mnie -<\/title>\n<meta name=\"robots\" content=\"index, follow, max-snippet:-1, max-image-preview:large, max-video-preview:-1\" \/>\n<link rel=\"canonical\" href=\"https:\/\/finansowysprint.pl\/index.php\/o-mnie\/\" \/>\n<meta property=\"og:locale\" content=\"pl_PL\" \/>\n<meta property=\"og:type\" content=\"article\" \/>\n<meta property=\"og:title\" content=\"O mnie -\" \/>\n<meta property=\"og:description\" content=\"O mnie Jestem Magda &#8211; z mi\u0142o\u015bci sport, z rozs\u0105dku finanse i nieruchomo\u015bci . Od ponad 10 lat pracuj\u0119 w finansach, zaczynaj\u0105c w Big 4 w audycie finansowym, a nast\u0119pnie rozwijaj\u0105c swoje do\u015bwiadczenie w r\u00f3\u017cnorodnych rolach w dzia\u0142ach finansowych, w sp\u00f3\u0142kach o r\u00f3\u017cnych profilach dzia\u0142alno\u015bci. Najwi\u0119ksz\u0105 praktyk\u0119 zdoby\u0142am w firmach [&hellip;]\" \/>\n<meta property=\"og:url\" content=\"https:\/\/finansowysprint.pl\/index.php\/o-mnie\/\" \/>\n<meta property=\"article:modified_time\" content=\"2026-01-12T12:57:02+00:00\" \/>\n<meta property=\"og:image\" content=\"https:\/\/finansowysprint.pl\/wp-content\/uploads\/2026\/01\/kolor-strona-glowna-mini-o-mnie.jpg\" \/>\n\t<meta property=\"og:image:width\" content=\"1650\" \/>\n\t<meta property=\"og:image:height\" content=\"764\" \/>\n\t<meta property=\"og:image:type\" content=\"image\/jpeg\" \/>\n<meta name=\"twitter:card\" content=\"summary_large_image\" \/>\n<meta name=\"twitter:label1\" content=\"Szacowany czas czytania\" \/>\n\t<meta name=\"twitter:data1\" content=\"1 minuta\" \/>\n<script type=\"application\/ld+json\" class=\"yoast-schema-graph\">{\"@context\":\"https:\/\/schema.org\",\"@graph\":[{\"@type\":\"WebPage\",\"@id\":\"https:\/\/finansowysprint.pl\/index.php\/o-mnie\/\",\"url\":\"https:\/\/finansowysprint.pl\/index.php\/o-mnie\/\",\"name\":\"O mnie -\",\"isPartOf\":{\"@id\":\"https:\/\/finansowysprint.pl\/#website\"},\"primaryImageOfPage\":{\"@id\":\"https:\/\/finansowysprint.pl\/index.php\/o-mnie\/#primaryimage\"},\"image\":{\"@id\":\"https:\/\/finansowysprint.pl\/index.php\/o-mnie\/#primaryimage\"},\"thumbnailUrl\":\"https:\/\/finansowysprint.pl\/wp-content\/uploads\/2026\/01\/kolor-strona-glowna-mini-o-mnie.jpg\",\"datePublished\":\"2025-11-27T20:44:47+00:00\",\"dateModified\":\"2026-01-12T12:57:02+00:00\",\"breadcrumb\":{\"@id\":\"https:\/\/finansowysprint.pl\/index.php\/o-mnie\/#breadcrumb\"},\"inLanguage\":\"pl-PL\",\"potentialAction\":[{\"@type\":\"ReadAction\",\"target\":[\"https:\/\/finansowysprint.pl\/index.php\/o-mnie\/\"]}]},{\"@type\":\"ImageObject\",\"inLanguage\":\"pl-PL\",\"@id\":\"https:\/\/finansowysprint.pl\/index.php\/o-mnie\/#primaryimage\",\"url\":\"https:\/\/finansowysprint.pl\/wp-content\/uploads\/2026\/01\/kolor-strona-glowna-mini-o-mnie.jpg\",\"contentUrl\":\"https:\/\/finansowysprint.pl\/wp-content\/uploads\/2026\/01\/kolor-strona-glowna-mini-o-mnie.jpg\",\"width\":1650,\"height\":764},{\"@type\":\"BreadcrumbList\",\"@id\":\"https:\/\/finansowysprint.pl\/index.php\/o-mnie\/#breadcrumb\",\"itemListElement\":[{\"@type\":\"ListItem\",\"position\":1,\"name\":\"Strona g\u0142\u00f3wna\",\"item\":\"https:\/\/finansowysprint.pl\/\"},{\"@type\":\"ListItem\",\"position\":2,\"name\":\"O mnie\"}]},{\"@type\":\"WebSite\",\"@id\":\"https:\/\/finansowysprint.pl\/#website\",\"url\":\"https:\/\/finansowysprint.pl\/\",\"name\":\"Kontroler Finansowy na godziny\",\"description\":\"\",\"potentialAction\":[{\"@type\":\"SearchAction\",\"target\":{\"@type\":\"EntryPoint\",\"urlTemplate\":\"https:\/\/finansowysprint.pl\/?s={search_term_string}\"},\"query-input\":{\"@type\":\"PropertyValueSpecification\",\"valueRequired\":true,\"valueName\":\"search_term_string\"}}],\"inLanguage\":\"pl-PL\"}]}<\/script>\n<!-- \/ Yoast SEO plugin. -->","yoast_head_json":{"title":"O mnie -","robots":{"index":"index","follow":"follow","max-snippet":"max-snippet:-1","max-image-preview":"max-image-preview:large","max-video-preview":"max-video-preview:-1"},"canonical":"https:\/\/finansowysprint.pl\/index.php\/o-mnie\/","og_locale":"pl_PL","og_type":"article","og_title":"O mnie -","og_description":"O mnie Jestem Magda &#8211; z mi\u0142o\u015bci sport, z rozs\u0105dku finanse i nieruchomo\u015bci . Od ponad 10 lat pracuj\u0119 w finansach, zaczynaj\u0105c w Big 4 w audycie finansowym, a nast\u0119pnie rozwijaj\u0105c swoje do\u015bwiadczenie w r\u00f3\u017cnorodnych rolach w dzia\u0142ach finansowych, w sp\u00f3\u0142kach o r\u00f3\u017cnych profilach dzia\u0142alno\u015bci. Najwi\u0119ksz\u0105 praktyk\u0119 zdoby\u0142am w firmach [&hellip;]","og_url":"https:\/\/finansowysprint.pl\/index.php\/o-mnie\/","article_modified_time":"2026-01-12T12:57:02+00:00","og_image":[{"width":1650,"height":764,"url":"https:\/\/finansowysprint.pl\/wp-content\/uploads\/2026\/01\/kolor-strona-glowna-mini-o-mnie.jpg","type":"image\/jpeg"}],"twitter_card":"summary_large_image","twitter_misc":{"Szacowany czas czytania":"1 minuta"},"schema":{"@context":"https:\/\/schema.org","@graph":[{"@type":"WebPage","@id":"https:\/\/finansowysprint.pl\/index.php\/o-mnie\/","url":"https:\/\/finansowysprint.pl\/index.php\/o-mnie\/","name":"O mnie -","isPartOf":{"@id":"https:\/\/finansowysprint.pl\/#website"},"primaryImageOfPage":{"@id":"https:\/\/finansowysprint.pl\/index.php\/o-mnie\/#primaryimage"},"image":{"@id":"https:\/\/finansowysprint.pl\/index.php\/o-mnie\/#primaryimage"},"thumbnailUrl":"https:\/\/finansowysprint.pl\/wp-content\/uploads\/2026\/01\/kolor-strona-glowna-mini-o-mnie.jpg","datePublished":"2025-11-27T20:44:47+00:00","dateModified":"2026-01-12T12:57:02+00:00","breadcrumb":{"@id":"https:\/\/finansowysprint.pl\/index.php\/o-mnie\/#breadcrumb"},"inLanguage":"pl-PL","potentialAction":[{"@type":"ReadAction","target":["https:\/\/finansowysprint.pl\/index.php\/o-mnie\/"]}]},{"@type":"ImageObject","inLanguage":"pl-PL","@id":"https:\/\/finansowysprint.pl\/index.php\/o-mnie\/#primaryimage","url":"https:\/\/finansowysprint.pl\/wp-content\/uploads\/2026\/01\/kolor-strona-glowna-mini-o-mnie.jpg","contentUrl":"https:\/\/finansowysprint.pl\/wp-content\/uploads\/2026\/01\/kolor-strona-glowna-mini-o-mnie.jpg","width":1650,"height":764},{"@type":"BreadcrumbList","@id":"https:\/\/finansowysprint.pl\/index.php\/o-mnie\/#breadcrumb","itemListElement":[{"@type":"ListItem","position":1,"name":"Strona g\u0142\u00f3wna","item":"https:\/\/finansowysprint.pl\/"},{"@type":"ListItem","position":2,"name":"O mnie"}]},{"@type":"WebSite","@id":"https:\/\/finansowysprint.pl\/#website","url":"https:\/\/finansowysprint.pl\/","name":"Kontroler Finansowy na godziny","description":"","potentialAction":[{"@type":"SearchAction","target":{"@type":"EntryPoint","urlTemplate":"https:\/\/finansowysprint.pl\/?s={search_term_string}"},"query-input":{"@type":"PropertyValueSpecification","valueRequired":true,"valueName":"search_term_string"}}],"inLanguage":"pl-PL"}]}},"_links":{"self":[{"href":"https:\/\/finansowysprint.pl\/index.php\/wp-json\/wp\/v2\/pages\/86","targetHints":{"allow":["GET"]}}],"collection":[{"href":"https:\/\/finansowysprint.pl\/index.php\/wp-json\/wp\/v2\/pages"}],"about":[{"href":"https:\/\/finansowysprint.pl\/index.php\/wp-json\/wp\/v2\/types\/page"}],"author":[{"embeddable":true,"href":"https:\/\/finansowysprint.pl\/index.php\/wp-json\/wp\/v2\/users\/1"}],"replies":[{"embeddable":true,"href":"https:\/\/finansowysprint.pl\/index.php\/wp-json\/wp\/v2\/comments?post=86"}],"version-history":[{"count":20,"href":"https:\/\/finansowysprint.pl\/index.php\/wp-json\/wp\/v2\/pages\/86\/revisions"}],"predecessor-version":[{"id":310,"href":"https:\/\/finansowysprint.pl\/index.php\/wp-json\/wp\/v2\/pages\/86\/revisions\/310"}],"wp:featuredmedia":[{"embeddable":true,"href":"https:\/\/finansowysprint.pl\/index.php\/wp-json\/wp\/v2\/media\/312"}],"wp:attachment":[{"href":"https:\/\/finansowysprint.pl\/index.php\/wp-json\/wp\/v2\/media?parent=86"}],"curies":[{"name":"wp","href":"https:\/\/api.w.org\/{rel}","templated":true}]}}