{"id":184,"date":"2025-12-05T14:20:50","date_gmt":"2025-12-05T13:20:50","guid":{"rendered":"https:\/\/finansowysprint.pl\/index.php\/strona-glowna\/"},"modified":"2026-01-12T17:20:19","modified_gmt":"2026-01-12T16:20:19","slug":"kontroler-finansowy-na-godziny","status":"publish","type":"page","link":"https:\/\/finansowysprint.pl\/","title":{"rendered":"Strona g\u0142\u00f3wna"},"content":{"rendered":"\n<p class=\"has-large-font-size\"><strong>Kontroler finansowy na godziny, wsparcie finansowe M\u015aP, projekty<\/strong>, <strong>analizy<\/strong><\/p>\n\n\n\n<div style=\"height:100px\" aria-hidden=\"true\" class=\"wp-block-spacer\"><\/div>\n\n\n\n<div class=\"wp-block-cover alignfull is-light hestia-clear-top-padding\"><span aria-hidden=\"true\" class=\"wp-block-cover__background has-white-background-color has-background-dim-100 has-background-dim\"><\/span><div class=\"wp-block-cover__inner-container is-layout-flow wp-block-cover-is-layout-flow\">\n<h2 class=\"wp-block-heading has-text-align-center has-text-color\" id=\"kontroler\" style=\"color:#3c4858\">Co daje Ci kontroler finansowy \u201ena godziny\u201d?<\/h2>\n\n\n\n<div style=\"height:40px\" aria-hidden=\"true\" class=\"wp-block-spacer\"><\/div>\n\n\n\n<div class=\"wp-block-columns container is-layout-flex wp-container-core-columns-is-layout-28f84493 wp-block-columns-is-layout-flex\">\n<div class=\"wp-block-column is-layout-flow wp-block-column-is-layout-flow\"><div class=\"wp-block-image\">\n<figure class=\"aligncenter size-large\"><img decoding=\"async\" src=\"https:\/\/finansowysprint.pl\/wp-content\/themes\/hestia\/assets\/img\/feat1.png\" alt=\"\" class=\"wp-image-70\"\/><\/figure>\n<\/div>\n\n\n<h5 class=\"wp-block-heading has-text-align-center has-text-color\" style=\"color:#3c4858;font-size:18px\">Elastyczno\u015b\u0107<\/h5>\n\n\n\n<p class=\"has-text-align-center has-black-color has-text-color\" style=\"font-size:14px\">Wsparcie dopasowane dok\u0142adnie do Twoich potrzeb \u2014 niezale\u017cnie czy potrzebujesz kontrolera finansowego \u201ena godziny\u201d, dodatkowej pomocy przy projekcie, czy wsparcia w okresie wzmo\u017conego obci\u0105\u017cenia w\u0142asnego dzia\u0142u finans\u00f3w.<\/p>\n\n\n\n<div style=\"height:25px\" aria-hidden=\"true\" class=\"wp-block-spacer\"><\/div>\n<\/div>\n\n\n\n<div class=\"wp-block-column is-layout-flow wp-block-column-is-layout-flow\"><div class=\"wp-block-image\">\n<figure class=\"aligncenter size-large\"><img decoding=\"async\" src=\"https:\/\/finansowysprint.pl\/wp-content\/themes\/hestia\/assets\/img\/feat2.png\" alt=\"\" class=\"wp-image-71\"\/><\/figure>\n<\/div>\n\n\n<h5 class=\"wp-block-heading has-text-align-center has-text-color\" style=\"color:#3c4858;font-size:18px\">Terminowo\u015b\u0107<\/h5>\n\n\n\n<p class=\"has-text-align-center has-black-color has-text-color\" style=\"font-size:14px\">Zawsze na czas, bez op\u00f3\u017anie\u0144. Raporty i analizy dostarczam w um\u00f3wionych terminach, \u017ceby\u015b m\u00f3g\u0142 planowa\u0107 dzia\u0142alno\u015b\u0107 bez stresu.<\/p>\n\n\n\n<div style=\"height:25px\" aria-hidden=\"true\" class=\"wp-block-spacer\"><\/div>\n<\/div>\n\n\n\n<div class=\"wp-block-column is-layout-flow wp-block-column-is-layout-flow\"><div class=\"wp-block-image\">\n<figure class=\"aligncenter size-large\"><img decoding=\"async\" src=\"https:\/\/finansowysprint.pl\/wp-content\/themes\/hestia\/assets\/img\/feat3.png\" alt=\"\" class=\"wp-image-72\"\/><\/figure>\n<\/div>\n\n\n<h5 class=\"wp-block-heading has-text-align-center has-text-color\" style=\"color:#3c4858;font-size:18px\">Oszcz\u0119dno\u015b\u0107<\/h5>\n\n\n\n<p class=\"has-text-align-center has-black-color has-text-color\" style=\"font-size:14px\">P\u0142acisz tylko za faktycznie przepracowany czas i konkretne zadania, bez dodatkowych koszt\u00f3w sta\u0142ych.<\/p>\n\n\n\n<div style=\"height:25px\" aria-hidden=\"true\" class=\"wp-block-spacer\"><\/div>\n<\/div>\n<\/div>\n\n\n\n<div style=\"height:40px\" aria-hidden=\"true\" class=\"wp-block-spacer\"><\/div>\n\n\n\n<div style=\"height:40px\" aria-hidden=\"true\" class=\"wp-block-spacer\"><\/div>\n<\/div><\/div>\n\n\n\n<h2 class=\"wp-block-heading has-white-color has-text-color has-link-color has-large-font-size wp-elements-2d1d461966ddfa70d921ae2153811e46\">Kontroler finansowy &#8222;na godziny&#8221; &#8211; dodatkowe wsparcie Twojego biznesu od strony finans\u00f3w<\/h2>\n\n\n\n<p class=\"has-medium-font-size\"><strong>Je\u015bli trafi\u0142e\u015b na t\u0105 stron\u0119, to znaczy \u017ce Tw\u00f3j biznes<\/strong> jedzie szybciej ni\u017c Twoje arkusze kalkulacyjne potrafi\u0105 to ogarn\u0105\u0107 i nadszed\u0142 czas znale\u017a\u0107 kogo\u015b do pomocy \ud83d\ude42 W dynamicznym \u015bwiecie biznesu kluczowe decyzje wymagaj\u0105 solidnych danych, przejrzystych analiz i jasnego spojrzenia na liczby.<\/p>\n\n\n\n<p class=\"has-medium-font-size\"><strong>W biznesie <\/strong>\u2014 podobnie jak w wy\u015bcigach kolarskich \u2014 nie wygrywa ten, kto najmocniej naciska na peda\u0142y, ale ten, kto jedzie <strong>najbardziej \u015bwiadomie.<\/strong> Potrzebny jest dobry plan, odpowiednie tempo, kontrola t\u0119tna\u2026 i pe\u0142na wiedza o tym, co dzieje si\u0119 na trasie- umiej\u0119tno\u015b\u0107 odpowiedniej reakcji w kluczowych momentach. <strong>Dane, analiza i kontrola <\/strong>\u2014 bez nich trudno o satysfakcjonuj\u0105cy wynik.<\/p>\n\n\n\n<h2 class=\"wp-block-heading has-white-color has-text-color has-link-color has-large-font-size wp-elements-8516dc54088247ac6e2b25ef4494a913\">Czy mi to potrzebne?<\/h2>\n\n\n\n<ul class=\"wp-block-list\">\n<li class=\"has-medium-font-size\">szukasz kontrolera finansowego \u201ena godziny\u201d lub do konkretnych zada\u0144,<\/li>\n\n\n\n<li class=\"has-medium-font-size\">masz wra\u017cenie, \u017ce w Twoich finansach dziej\u0105 si\u0119 dziwne rzeczy, ale nie potrafisz wskaza\u0107 \u017ar\u00f3d\u0142a problemu,<\/li>\n\n\n\n<li class=\"has-medium-font-size\">zauwa\u017casz, \u017ce Twoje w\u0142asne szacunki wyniku nie pokrywaj\u0105 si\u0119 z rzeczywisto\u015bci\u0105,<\/li>\n\n\n\n<li class=\"has-medium-font-size\">albo po prostu czujesz, \u017ce firma jedzie szybciej ni\u017c Twoje arkusze kalkulacyjne potrafi\u0105 to ogarn\u0105\u0107\u2026<\/li>\n<\/ul>\n\n\n\n<p class=\"has-medium-font-size\">\u2026to znaczy, \u017ce TAK, jest Ci to potrzebne i przyszed\u0142 moment, aby wprowadzi\u0107 controlling lub wdro\u017cy\u0107 jego elementy.<\/p>\n\n\n\n<p class=\"has-medium-font-size\">To w\u0142a\u015bnie controlling dzia\u0142a jak profesjonalny \u201ekomputer pok\u0142adowy\u201d w rowerze: podpowiada, <strong>gdzie tracisz energi\u0119 <\/strong>(czytaj: pieni\u0105dze), gdzie mo\u017cesz przyspieszy\u0107, a gdzie konieczna jest zmiana taktyki, by finalnie osi\u0105gn\u0105\u0107 <strong>najlepszy mo\u017cliwy wynik.<\/strong><\/p>\n\n\n\n<p class=\"has-medium-font-size\"><strong>Moim celem jest pom\u00f3c Ci jecha\u0107 po wyniki \u015bwiadomie \u2014 bez chaosu, bez zgadywania i bez zaskocze\u0144 na mecie.<\/strong><\/p>\n\n\n\n<h2 class=\"wp-block-heading has-white-color has-text-color has-link-color has-large-font-size wp-elements-55547b5e6ec5c175b806f192bfb75aac\">A je\u015bli mam ju\u017c dzia\u0142aj\u0105cy dzia\u0142 finans\u00f3w- czy to co\u015b tak\u017ce dla mnie?<\/h2>\n\n\n\n<p class=\"has-medium-font-size\">Oczywi\u015bcie \u017ce tak! Ka\u017cda firma ma bardziej i mniej intensywne momenty w roku czy w cyklu rozwoju. To podobnie jak w kolarstwie- nawet najlepsi zawodnicy potrzebuj\u0105 czasem dodatkowego wsparcia technicznego, szybkiej zmiany taktyki albo kogo\u015b, kto wskoczy, gdy dru\u017cyna jest przeci\u0105\u017cona.<\/p>\n\n\n\n<p class=\"has-medium-font-size\"><strong>Dlatego moje wsparcie controllingowe sprawdza si\u0119 r\u00f3wnie\u017c gdy:<\/strong><\/p>\n\n\n\n<ul class=\"wp-block-list\">\n<li class=\"has-medium-font-size\">masz ju\u017c controlling \/ dzia\u0142 finans\u00f3w, ale brakuje ludzi do realizacji bie\u017c\u0105cych zada\u0144,<\/li>\n\n\n\n<li class=\"has-medium-font-size\">Tw\u00f3j dzia\u0142 finans\u00f3w ma chwilowe niedobory kadrowe, zwolnienia, urlopy lub nag\u0142\u0105 rotacj\u0119,<\/li>\n\n\n\n<li class=\"has-medium-font-size\">firma przechodzi przez intensywny okres\u2014 szybki rozw\u00f3j, zmiany organizacyjne, inwestycje, due&nbsp;diligence, audyt,<\/li>\n\n\n\n<li class=\"has-medium-font-size\">pojawia si\u0119 konkretne zadanie lub projekt, kt\u00f3rego nie ma komu przydzieli\u0107,<\/li>\n\n\n\n<li class=\"has-medium-font-size\">potrzebujesz \u201ekogo\u015b z zewn\u0105trz\u201d, kto wejdzie, uporz\u0105dkuje temat i dostarczy rezultat, bez konieczno\u015bci tworzenia etatu lub d\u0142ugotrwa\u0142ego wdra\u017cania.<\/li>\n<\/ul>\n\n\n\n<p class=\"has-medium-font-size\">To troch\u0119 jak sytuacja w peletonie: czasem dru\u017cyna jedzie \u015bwietnie, ale nadchodzi etap, kt\u00f3ry wymaga dodatkowego wsparcia \u2014 \u015bwie\u017cych n\u00f3g.<\/p>\n\n\n\n<p class=\"has-medium-font-size\">Moim zadaniem jest pom\u00f3c Ci zachowa\u0107 terminowo\u015b\u0107, p\u0142ynno\u015b\u0107, kontrol\u0119 i przewag\u0119, niezale\u017cnie od tego, czy chcesz zbudowa\u0107 controlling od zera, czy potrzebujesz tylko szybkiego, <strong>precyzyjnego wsparcia tam, gdzie aktualnie brakuje r\u0105k do pracy.<\/strong><\/p>\n\n\n\n<div style=\"height:40px\" aria-hidden=\"true\" class=\"wp-block-spacer\"><\/div>\n\n\n\n<div class=\"wp-block-columns container is-layout-flex wp-container-core-columns-is-layout-28f84493 wp-block-columns-is-layout-flex\">\n<div class=\"wp-block-column col-md-5 is-layout-flow wp-block-column-is-layout-flow\">\n<div style=\"height:55px\" aria-hidden=\"true\" class=\"wp-block-spacer\"><\/div>\n\n\n\n<h2 class=\"wp-block-heading has-white-color has-text-color has-link-color wp-elements-6c82c2e37840139db79fc127b4db0c56\">O mnie<\/h2>\n\n\n\n<p>Jestem Magda \u2013 Finanse i controlling to moja codzienna trasa, a kolarstwo to moja pasja, kt\u00f3ra uczy strategii i wytrwa\u0142o\u015bci. Oferuj\u0119 elastyczne wsparcie \u201ena godziny\u201d lub przy projektach, aby Twoja firma zawsze jecha\u0142a w dobrym tempie i bez niespodzianek. Pracuj\u0119 zdalnie- wi\u0119c niewa\u017cne w kt\u00f3rym rejonie kraju dzia\u0142asz &#8211; mo\u017cemy rozpocz\u0105\u0107 wsp\u00f3\u0142prac\u0119. <\/p>\n\n\n\n<div class=\"wp-block-buttons is-layout-flex wp-block-buttons-is-layout-flex\">\n<div class=\"wp-block-button has-custom-width wp-block-button__width-50\"><a class=\"wp-block-button__link has-medium-font-size has-custom-font-size wp-element-button\" href=\"https:\/\/finansowysprint.pl\/index.php\/o-mnie\/\" style=\"padding-top:var(--wp--preset--spacing--20);padding-bottom:var(--wp--preset--spacing--20)\">Dowiedz si\u0119 wi\u0119cej&#8230;<\/a><\/div>\n<\/div>\n\n\n\n<div class=\"wp-block-buttons is-content-justification-space-between is-layout-flex wp-container-core-buttons-is-layout-b2891da8 wp-block-buttons-is-layout-flex\">\n<div class=\"wp-block-button has-custom-width wp-block-button__width-50\"><a class=\"wp-block-button__link has-medium-font-size has-custom-font-size wp-element-button\" href=\"https:\/\/finansowysprint.pl\/index.php\/kontakt\/\" style=\"padding-top:var(--wp--preset--spacing--20);padding-right:0;padding-bottom:var(--wp--preset--spacing--20);padding-left:0\">Formularz kontaktowy<\/a><\/div>\n<\/div>\n<\/div>\n\n\n\n<div class=\"wp-block-column col-md-6 col-md-offset1 is-layout-flow wp-block-column-is-layout-flow\">\n<div style=\"height:55px\" aria-hidden=\"true\" class=\"wp-block-spacer\"><\/div>\n\n\n\n<figure class=\"wp-block-image size-large\"><img loading=\"lazy\" decoding=\"async\" width=\"768\" height=\"1024\" src=\"http:\/\/finansowysprint.pl\/wp-content\/uploads\/2025\/11\/1fddd6d2-2069-4be1-bb56-1bb41e025c7e-768x1024.jpg\" alt=\"\" class=\"wp-image-65\" srcset=\"https:\/\/finansowysprint.pl\/wp-content\/uploads\/2025\/11\/1fddd6d2-2069-4be1-bb56-1bb41e025c7e-768x1024.jpg 768w, https:\/\/finansowysprint.pl\/wp-content\/uploads\/2025\/11\/1fddd6d2-2069-4be1-bb56-1bb41e025c7e-225x300.jpg 225w, https:\/\/finansowysprint.pl\/wp-content\/uploads\/2025\/11\/1fddd6d2-2069-4be1-bb56-1bb41e025c7e-1152x1536.jpg 1152w, https:\/\/finansowysprint.pl\/wp-content\/uploads\/2025\/11\/1fddd6d2-2069-4be1-bb56-1bb41e025c7e-1536x2048.jpg 1536w, https:\/\/finansowysprint.pl\/wp-content\/uploads\/2025\/11\/1fddd6d2-2069-4be1-bb56-1bb41e025c7e-scaled.jpg 1920w\" sizes=\"auto, (max-width: 768px) 100vw, 768px\" \/><\/figure>\n\n\n\n<p><\/p>\n<\/div>\n<\/div>\n\n\n\n<p><\/p>\n","protected":false},"excerpt":{"rendered":"<p>Kontroler finansowy na godziny, wsparcie finansowe M\u015aP, projekty, analizy Kontroler finansowy &#8222;na godziny&#8221; &#8211; dodatkowe wsparcie Twojego biznesu od strony finans\u00f3w Je\u015bli trafi\u0142e\u015b na t\u0105 stron\u0119, to znaczy \u017ce Tw\u00f3j biznes jedzie szybciej ni\u017c Twoje arkusze kalkulacyjne potrafi\u0105 to ogarn\u0105\u0107 i nadszed\u0142 czas znale\u017a\u0107 kogo\u015b do pomocy \ud83d\ude42 W dynamicznym [&hellip;]<\/p>\n","protected":false},"author":1,"featured_media":235,"parent":0,"menu_order":0,"comment_status":"closed","ping_status":"closed","template":"","meta":{"footnotes":""},"class_list":["post-184","page","type-page","status-publish","has-post-thumbnail","hentry"],"yoast_head":"<!-- This site is optimized with the Yoast SEO plugin v26.7 - https:\/\/yoast.com\/wordpress\/plugins\/seo\/ -->\n<title>Strona g\u0142\u00f3wna -<\/title>\n<meta name=\"description\" content=\"Kontroler finansowy na godziny nie tylko dla ma\u0142ych i \u015brednich firm. Controlling, wsparcie projektowe, analizy finansowe. Sprawd\u017a ofert\u0119.\" \/>\n<meta name=\"robots\" content=\"index, follow, max-snippet:-1, max-image-preview:large, max-video-preview:-1\" \/>\n<link rel=\"canonical\" href=\"https:\/\/finansowysprint.pl\/\" \/>\n<meta property=\"og:locale\" content=\"pl_PL\" \/>\n<meta property=\"og:type\" content=\"article\" \/>\n<meta property=\"og:title\" content=\"Strona g\u0142\u00f3wna -\" \/>\n<meta property=\"og:description\" content=\"Kontroler finansowy na godziny nie tylko dla ma\u0142ych i \u015brednich firm. Controlling, wsparcie projektowe, analizy finansowe. Sprawd\u017a ofert\u0119.\" \/>\n<meta property=\"og:url\" content=\"https:\/\/finansowysprint.pl\/\" \/>\n<meta property=\"article:modified_time\" content=\"2026-01-12T16:20:19+00:00\" \/>\n<meta property=\"og:image\" content=\"https:\/\/finansowysprint.pl\/wp-content\/uploads\/2026\/01\/kolor-strona-glowna-e1768038439446.jpg\" \/>\n\t<meta property=\"og:image:width\" content=\"1667\" \/>\n\t<meta property=\"og:image:height\" content=\"1183\" \/>\n\t<meta property=\"og:image:type\" content=\"image\/jpeg\" \/>\n<meta name=\"twitter:card\" content=\"summary_large_image\" \/>\n<meta name=\"twitter:label1\" content=\"Szacowany czas czytania\" \/>\n\t<meta name=\"twitter:data1\" content=\"5 minut\" \/>\n<script type=\"application\/ld+json\" class=\"yoast-schema-graph\">{\"@context\":\"https:\/\/schema.org\",\"@graph\":[{\"@type\":\"WebPage\",\"@id\":\"https:\/\/finansowysprint.pl\/\",\"url\":\"https:\/\/finansowysprint.pl\/\",\"name\":\"Strona g\u0142\u00f3wna -\",\"isPartOf\":{\"@id\":\"https:\/\/finansowysprint.pl\/#website\"},\"primaryImageOfPage\":{\"@id\":\"https:\/\/finansowysprint.pl\/#primaryimage\"},\"image\":{\"@id\":\"https:\/\/finansowysprint.pl\/#primaryimage\"},\"thumbnailUrl\":\"https:\/\/finansowysprint.pl\/wp-content\/uploads\/2026\/01\/kolor-strona-glowna-e1768038439446.jpg\",\"datePublished\":\"2025-12-05T13:20:50+00:00\",\"dateModified\":\"2026-01-12T16:20:19+00:00\",\"description\":\"Kontroler finansowy na godziny nie tylko dla ma\u0142ych i \u015brednich firm. Controlling, wsparcie projektowe, analizy finansowe. Sprawd\u017a ofert\u0119.\",\"breadcrumb\":{\"@id\":\"https:\/\/finansowysprint.pl\/#breadcrumb\"},\"inLanguage\":\"pl-PL\",\"potentialAction\":[{\"@type\":\"ReadAction\",\"target\":[\"https:\/\/finansowysprint.pl\/\"]}]},{\"@type\":\"ImageObject\",\"inLanguage\":\"pl-PL\",\"@id\":\"https:\/\/finansowysprint.pl\/#primaryimage\",\"url\":\"https:\/\/finansowysprint.pl\/wp-content\/uploads\/2026\/01\/kolor-strona-glowna-e1768038439446.jpg\",\"contentUrl\":\"https:\/\/finansowysprint.pl\/wp-content\/uploads\/2026\/01\/kolor-strona-glowna-e1768038439446.jpg\",\"width\":1667,\"height\":1183},{\"@type\":\"BreadcrumbList\",\"@id\":\"https:\/\/finansowysprint.pl\/#breadcrumb\",\"itemListElement\":[{\"@type\":\"ListItem\",\"position\":1,\"name\":\"Strona g\u0142\u00f3wna\",\"item\":\"https:\/\/finansowysprint.pl\/\"},{\"@type\":\"ListItem\",\"position\":2,\"name\":\"Strona g\u0142\u00f3wna\"}]},{\"@type\":\"WebSite\",\"@id\":\"https:\/\/finansowysprint.pl\/#website\",\"url\":\"https:\/\/finansowysprint.pl\/\",\"name\":\"Kontroler Finansowy na godziny\",\"description\":\"\",\"potentialAction\":[{\"@type\":\"SearchAction\",\"target\":{\"@type\":\"EntryPoint\",\"urlTemplate\":\"https:\/\/finansowysprint.pl\/?s={search_term_string}\"},\"query-input\":{\"@type\":\"PropertyValueSpecification\",\"valueRequired\":true,\"valueName\":\"search_term_string\"}}],\"inLanguage\":\"pl-PL\"}]}<\/script>\n<!-- \/ Yoast SEO plugin. -->","yoast_head_json":{"title":"Strona g\u0142\u00f3wna -","description":"Kontroler finansowy na godziny nie tylko dla ma\u0142ych i \u015brednich firm. Controlling, wsparcie projektowe, analizy finansowe. Sprawd\u017a ofert\u0119.","robots":{"index":"index","follow":"follow","max-snippet":"max-snippet:-1","max-image-preview":"max-image-preview:large","max-video-preview":"max-video-preview:-1"},"canonical":"https:\/\/finansowysprint.pl\/","og_locale":"pl_PL","og_type":"article","og_title":"Strona g\u0142\u00f3wna -","og_description":"Kontroler finansowy na godziny nie tylko dla ma\u0142ych i \u015brednich firm. Controlling, wsparcie projektowe, analizy finansowe. Sprawd\u017a ofert\u0119.","og_url":"https:\/\/finansowysprint.pl\/","article_modified_time":"2026-01-12T16:20:19+00:00","og_image":[{"width":1667,"height":1183,"url":"https:\/\/finansowysprint.pl\/wp-content\/uploads\/2026\/01\/kolor-strona-glowna-e1768038439446.jpg","type":"image\/jpeg"}],"twitter_card":"summary_large_image","twitter_misc":{"Szacowany czas czytania":"5 minut"},"schema":{"@context":"https:\/\/schema.org","@graph":[{"@type":"WebPage","@id":"https:\/\/finansowysprint.pl\/","url":"https:\/\/finansowysprint.pl\/","name":"Strona g\u0142\u00f3wna -","isPartOf":{"@id":"https:\/\/finansowysprint.pl\/#website"},"primaryImageOfPage":{"@id":"https:\/\/finansowysprint.pl\/#primaryimage"},"image":{"@id":"https:\/\/finansowysprint.pl\/#primaryimage"},"thumbnailUrl":"https:\/\/finansowysprint.pl\/wp-content\/uploads\/2026\/01\/kolor-strona-glowna-e1768038439446.jpg","datePublished":"2025-12-05T13:20:50+00:00","dateModified":"2026-01-12T16:20:19+00:00","description":"Kontroler finansowy na godziny nie tylko dla ma\u0142ych i \u015brednich firm. Controlling, wsparcie projektowe, analizy finansowe. Sprawd\u017a ofert\u0119.","breadcrumb":{"@id":"https:\/\/finansowysprint.pl\/#breadcrumb"},"inLanguage":"pl-PL","potentialAction":[{"@type":"ReadAction","target":["https:\/\/finansowysprint.pl\/"]}]},{"@type":"ImageObject","inLanguage":"pl-PL","@id":"https:\/\/finansowysprint.pl\/#primaryimage","url":"https:\/\/finansowysprint.pl\/wp-content\/uploads\/2026\/01\/kolor-strona-glowna-e1768038439446.jpg","contentUrl":"https:\/\/finansowysprint.pl\/wp-content\/uploads\/2026\/01\/kolor-strona-glowna-e1768038439446.jpg","width":1667,"height":1183},{"@type":"BreadcrumbList","@id":"https:\/\/finansowysprint.pl\/#breadcrumb","itemListElement":[{"@type":"ListItem","position":1,"name":"Strona g\u0142\u00f3wna","item":"https:\/\/finansowysprint.pl\/"},{"@type":"ListItem","position":2,"name":"Strona g\u0142\u00f3wna"}]},{"@type":"WebSite","@id":"https:\/\/finansowysprint.pl\/#website","url":"https:\/\/finansowysprint.pl\/","name":"Kontroler Finansowy na godziny","description":"","potentialAction":[{"@type":"SearchAction","target":{"@type":"EntryPoint","urlTemplate":"https:\/\/finansowysprint.pl\/?s={search_term_string}"},"query-input":{"@type":"PropertyValueSpecification","valueRequired":true,"valueName":"search_term_string"}}],"inLanguage":"pl-PL"}]}},"_links":{"self":[{"href":"https:\/\/finansowysprint.pl\/index.php\/wp-json\/wp\/v2\/pages\/184","targetHints":{"allow":["GET"]}}],"collection":[{"href":"https:\/\/finansowysprint.pl\/index.php\/wp-json\/wp\/v2\/pages"}],"about":[{"href":"https:\/\/finansowysprint.pl\/index.php\/wp-json\/wp\/v2\/types\/page"}],"author":[{"embeddable":true,"href":"https:\/\/finansowysprint.pl\/index.php\/wp-json\/wp\/v2\/users\/1"}],"replies":[{"embeddable":true,"href":"https:\/\/finansowysprint.pl\/index.php\/wp-json\/wp\/v2\/comments?post=184"}],"version-history":[{"count":21,"href":"https:\/\/finansowysprint.pl\/index.php\/wp-json\/wp\/v2\/pages\/184\/revisions"}],"predecessor-version":[{"id":328,"href":"https:\/\/finansowysprint.pl\/index.php\/wp-json\/wp\/v2\/pages\/184\/revisions\/328"}],"wp:featuredmedia":[{"embeddable":true,"href":"https:\/\/finansowysprint.pl\/index.php\/wp-json\/wp\/v2\/media\/235"}],"wp:attachment":[{"href":"https:\/\/finansowysprint.pl\/index.php\/wp-json\/wp\/v2\/media?parent=184"}],"curies":[{"name":"wp","href":"https:\/\/api.w.org\/{rel}","templated":true}]}}